{"id":2258,"date":"2017-06-05T14:49:00","date_gmt":"2017-06-05T12:49:00","guid":{"rendered":"https:\/\/gautard-immobilier.fr\/\/BOCAGE?page_id=2258"},"modified":"2024-05-14T08:29:24","modified_gmt":"2024-05-14T06:29:24","slug":"notre-selection","status":"publish","type":"page","link":"https:\/\/gautard-immobilier.fr\/BOCAGE\/","title":{"rendered":"Acheter en R\u00e9sidence Services"},"content":{"rendered":"<div class=\"wpb-content-wrapper\"><p>[vc_row][vc_column][vc_property status_in=\u00a0\u00bb211&Prime; items=\u00a0\u00bb2&Prime;][\/vc_column][\/vc_row][vc_row][vc_column][vc_column_text]<\/p>\n<h3 style=\"text-align: center;\"><strong>Retrouvez les autres maisons et appartements sur Tours M\u00e9tropole Val de Loire s\u00e9lectionn\u00e9s par GAUTARD Immobilier en <a style=\"color: #3f6776;\" href=\"https:\/\/gautard-immobilier.fr\/avendre\/\">cliquant ICI<\/a>.<\/strong><\/h3>\n<p>[\/vc_column_text][\/vc_column][\/vc_row]<\/p>\n<\/div>","protected":false},"excerpt":{"rendered":"<p>[vc_row][vc_column][vc_property status_in=\u00a0\u00bb211&Prime; items=\u00a0\u00bb2&Prime;][\/vc_column][\/vc_row][vc_row][vc_column][vc_column_text] Retrouvez les autres maisons et appartements sur Tours M\u00e9tropole Val de Loire s\u00e9lectionn\u00e9s par GAUTARD Immobilier en cliquant ICI. [\/vc_column_text][\/vc_column][\/vc_row]<\/p>\n","protected":false},"author":1,"featured_media":0,"parent":0,"menu_order":0,"comment_status":"closed","ping_status":"closed","template":"template-sidebar-left.php","meta":[],"_links":{"self":[{"href":"https:\/\/gautard-immobilier.fr\/BOCAGE\/wp-json\/wp\/v2\/pages\/2258"}],"collection":[{"href":"https:\/\/gautard-immobilier.fr\/BOCAGE\/wp-json\/wp\/v2\/pages"}],"about":[{"href":"https:\/\/gautard-immobilier.fr\/BOCAGE\/wp-json\/wp\/v2\/types\/page"}],"author":[{"embeddable":true,"href":"https:\/\/gautard-immobilier.fr\/BOCAGE\/wp-json\/wp\/v2\/users\/1"}],"replies":[{"embeddable":true,"href":"https:\/\/gautard-immobilier.fr\/BOCAGE\/wp-json\/wp\/v2\/comments?post=2258"}],"version-history":[{"count":14,"href":"https:\/\/gautard-immobilier.fr\/BOCAGE\/wp-json\/wp\/v2\/pages\/2258\/revisions"}],"predecessor-version":[{"id":6007,"href":"https:\/\/gautard-immobilier.fr\/BOCAGE\/wp-json\/wp\/v2\/pages\/2258\/revisions\/6007"}],"wp:attachment":[{"href":"https:\/\/gautard-immobilier.fr\/BOCAGE\/wp-json\/wp\/v2\/media?parent=2258"}],"curies":[{"name":"wp","href":"https:\/\/api.w.org\/{rel}","templated":true}]}}