{"id":2261,"date":"2017-06-05T15:51:35","date_gmt":"2017-06-05T13:51:35","guid":{"rendered":"https:\/\/gautard-immobilier.fr\/\/BOCAGE?page_id=2261"},"modified":"2026-03-25T15:27:05","modified_gmt":"2026-03-25T14:27:05","slug":"a-louer","status":"publish","type":"page","link":"https:\/\/gautard-immobilier.fr\/BOCAGE\/a-louer\/","title":{"rendered":"Louer R\u00e9sidence Services"},"content":{"rendered":"<div class=\"wpb-content-wrapper\"><p>[vc_row][vc_column][vc_column_text]<\/p>\n<h2 style=\"text-align: center;\"><span style=\"color: #3f6776;\">Appartements \u00e0 louer dans la R\u00e9sidence avec services pour seniors BOCAGE Parc<\/span><\/h2>\n<p style=\"text-align: center;\">Pour tout renseignement contacter <strong>Christine MILON<\/strong>, Directrice de la r\u00e9sidence Le Bocage, au <a href=\"tel:0247622222\"><strong>02 47 62 22 22<\/strong><\/a><strong>.<\/strong><\/p>\n<p style=\"text-align: center;\">Elle sera \u00e0 votre disposition pour vous faire d\u00e9couvrir la R\u00e9sidence BOCAGE Parc et si vous le souhaitez, vous inscrire sur la liste d\u2019attente des nouveaux arrivants<\/p>\n<p style=\"text-align: center;\"><strong>&#x1f449;\u00a0 <\/strong><a href=\"https:\/\/gautard-immobilier.fr\/BOCAGE\/\"><strong>RETROUVEZ LES BIENS A VENDRE EN R\u00c9SIDENCE SERVICES<\/strong><\/a><\/p>\n<p>[\/vc_column_text][\/vc_column][\/vc_row][vc_row][vc_column][vc_column_text]<\/p>\n<h3 style=\"text-align: center;\"><strong>Retrouvez les autres maisons et appartements \u00e0 louer sur Tours M\u00e9tropole Val de Loire s\u00e9lectionn\u00e9s par GAUTARD Immobilier en <a href=\"https:\/\/location37.fr\/BIEN\/\" target=\"_blank\" rel=\"noopener\">cliquant ICI<\/a>.<\/strong><\/h3>\n<p>[\/vc_column_text][\/vc_column][\/vc_row]<\/p>\n<\/div>","protected":false},"excerpt":{"rendered":"<p>[vc_row][vc_column][vc_column_text] Appartements \u00e0 louer dans la R\u00e9sidence avec services pour seniors BOCAGE Parc Pour tout renseignement contacter Christine MILON, Directrice de la r\u00e9sidence Le Bocage, au 02 47 62 22 22. Elle sera \u00e0 votre disposition pour vous faire d\u00e9couvrir la R\u00e9sidence BOCAGE Parc et si vous le souhaitez, vous inscrire sur la liste d\u2019attente<\/p>\n","protected":false},"author":1,"featured_media":0,"parent":0,"menu_order":0,"comment_status":"closed","ping_status":"closed","template":"template-sidebar-left.php","meta":[],"_links":{"self":[{"href":"https:\/\/gautard-immobilier.fr\/BOCAGE\/wp-json\/wp\/v2\/pages\/2261"}],"collection":[{"href":"https:\/\/gautard-immobilier.fr\/BOCAGE\/wp-json\/wp\/v2\/pages"}],"about":[{"href":"https:\/\/gautard-immobilier.fr\/BOCAGE\/wp-json\/wp\/v2\/types\/page"}],"author":[{"embeddable":true,"href":"https:\/\/gautard-immobilier.fr\/BOCAGE\/wp-json\/wp\/v2\/users\/1"}],"replies":[{"embeddable":true,"href":"https:\/\/gautard-immobilier.fr\/BOCAGE\/wp-json\/wp\/v2\/comments?post=2261"}],"version-history":[{"count":15,"href":"https:\/\/gautard-immobilier.fr\/BOCAGE\/wp-json\/wp\/v2\/pages\/2261\/revisions"}],"predecessor-version":[{"id":6214,"href":"https:\/\/gautard-immobilier.fr\/BOCAGE\/wp-json\/wp\/v2\/pages\/2261\/revisions\/6214"}],"wp:attachment":[{"href":"https:\/\/gautard-immobilier.fr\/BOCAGE\/wp-json\/wp\/v2\/media?parent=2261"}],"curies":[{"name":"wp","href":"https:\/\/api.w.org\/{rel}","templated":true}]}}