{"id":4804,"date":"2019-11-20T09:27:17","date_gmt":"2019-11-20T08:27:17","guid":{"rendered":"https:\/\/gautard-immobilier.fr\/\/BOCAGE?page_id=4804"},"modified":"2024-05-14T08:30:12","modified_gmt":"2024-05-14T06:30:12","slug":"investir","status":"publish","type":"page","link":"https:\/\/gautard-immobilier.fr\/BOCAGE\/investir\/","title":{"rendered":"Investir en R\u00e9sidence Services"},"content":{"rendered":"<div class=\"wpb-content-wrapper\"><p>&nbsp;<\/p>\n<h3 style=\"text-align: center;\">Appartements \u00e0 vendre pour investir dans la R\u00e9sidence avec services pour seniors BOCAGE Parc<\/h3>\n<p style=\"text-align: center;\">[vc_row][vc_column][vc_property status_in=\u00a0\u00bb278&Prime; items=\u00a0\u00bb2&Prime;][\/vc_column][\/vc_row]<\/p>\n\r\n\r\n\r\n<h3 style=\"text-align: center;\"><strong>Retrouvez les autres maisons et appartements pour investir sur Tours M\u00e9tropole Val de Loire s\u00e9lectionn\u00e9s par GAUTARD Immobilier en <a style=\"color: #3f6776;\" href=\"https:\/\/gautard-immobilier.fr\/pour-investir\/\">cliquant ICI<\/a>.<\/strong><\/h3>\r\n<\/div>","protected":false},"excerpt":{"rendered":"<p>Retrouvez les autres maisons et appartements pour investir sur Tours M\u00e9tropole Val de Loire s\u00e9lectionn\u00e9s par GAUTARD Immobilier en cliquant ICI.<\/p>\n","protected":false},"author":1,"featured_media":0,"parent":0,"menu_order":0,"comment_status":"closed","ping_status":"closed","template":"template-sidebar-left.php","meta":[],"_links":{"self":[{"href":"https:\/\/gautard-immobilier.fr\/BOCAGE\/wp-json\/wp\/v2\/pages\/4804"}],"collection":[{"href":"https:\/\/gautard-immobilier.fr\/BOCAGE\/wp-json\/wp\/v2\/pages"}],"about":[{"href":"https:\/\/gautard-immobilier.fr\/BOCAGE\/wp-json\/wp\/v2\/types\/page"}],"author":[{"embeddable":true,"href":"https:\/\/gautard-immobilier.fr\/BOCAGE\/wp-json\/wp\/v2\/users\/1"}],"replies":[{"embeddable":true,"href":"https:\/\/gautard-immobilier.fr\/BOCAGE\/wp-json\/wp\/v2\/comments?post=4804"}],"version-history":[{"count":11,"href":"https:\/\/gautard-immobilier.fr\/BOCAGE\/wp-json\/wp\/v2\/pages\/4804\/revisions"}],"predecessor-version":[{"id":5964,"href":"https:\/\/gautard-immobilier.fr\/BOCAGE\/wp-json\/wp\/v2\/pages\/4804\/revisions\/5964"}],"wp:attachment":[{"href":"https:\/\/gautard-immobilier.fr\/BOCAGE\/wp-json\/wp\/v2\/media?parent=4804"}],"curies":[{"name":"wp","href":"https:\/\/api.w.org\/{rel}","templated":true}]}}